{"id":210,"date":"2020-02-28T08:52:53","date_gmt":"2020-02-28T07:52:53","guid":{"rendered":"http:\/\/barbos.schambeck.eu\/?page_id=210"},"modified":"2020-02-28T08:52:53","modified_gmt":"2020-02-28T07:52:53","slug":"foerderung-u-entwicklung","status":"publish","type":"page","link":"https:\/\/www.barbos-stiftung.de\/cms\/index.php\/foerderung-u-entwicklung\/","title":{"rendered":"F\u00f6rderung und Entwicklung"},"content":{"rendered":"\n<style type=\"text\/css\" data-created_by=\"avia_inline_auto\" id=\"style-css-av-laatpkld-73e78cab73b4120030bf2ffb555d583a\">\n.avia-section.av-laatpkld-73e78cab73b4120030bf2ffb555d583a .av-parallax .av-parallax-inner{\nbackground-repeat:no-repeat;\nbackground-image:url(https:\/\/www.barbos-stiftung.de\/cms\/wp-content\/uploads\/2020\/02\/DSCF2952-1.jpg);\nbackground-position:50% 50%;\nbackground-attachment:scroll;\n}\n<\/style>\n<div id='av_section_1'  class='avia-section av-laatpkld-73e78cab73b4120030bf2ffb555d583a main_color avia-section-default avia-no-border-styling  avia-builder-el-0  el_before_av_heading  avia-builder-el-first  av-parallax-section avia-bg-style-parallax av-minimum-height av-minimum-height-50 av-height-50  container_wrap fullsize'  data-section-bg-repeat='no-repeat' data-av_minimum_height_pc='50' data-av_min_height_opt='50'><div class='av-parallax' data-avia-parallax-ratio='0.3' ><div class='av-parallax-inner main_color avia-full-stretch'><\/div><\/div><div class='container av-section-cont-open' ><main  role=\"main\" itemprop=\"mainContentOfPage\"  class='template-page content  av-content-full alpha units'><div class='post-entry post-entry-type-page post-entry-210'><div class='entry-content-wrapper clearfix'><\/div><\/div><\/main><!-- close content main element --><\/div><\/div><div id='after_section_1'  class='main_color av_default_container_wrap container_wrap fullsize'  ><div class='container av-section-cont-open' ><div class='template-page content  av-content-full alpha units'><div class='post-entry post-entry-type-page post-entry-210'><div class='entry-content-wrapper clearfix'>\n\n<style type=\"text\/css\" data-created_by=\"avia_inline_auto\" id=\"style-css-av-knpb6-7b1a074b4723eed6a8e9a26053dcd2f6\">\n#top .av-special-heading.av-knpb6-7b1a074b4723eed6a8e9a26053dcd2f6{\npadding-bottom:10px;\n}\nbody .av-special-heading.av-knpb6-7b1a074b4723eed6a8e9a26053dcd2f6 .av-special-heading-tag .heading-char{\nfont-size:25px;\n}\n.av-special-heading.av-knpb6-7b1a074b4723eed6a8e9a26053dcd2f6 .av-subheading{\nfont-size:15px;\n}\n<\/style>\n<div  class='av-special-heading av-knpb6-7b1a074b4723eed6a8e9a26053dcd2f6 av-special-heading-h2  avia-builder-el-1  el_after_av_section  el_before_av_one_third  avia-builder-el-first '><h2 class='av-special-heading-tag '  itemprop=\"headline\"  >F\u00f6rderung und Entwicklung<\/h2><div class=\"special-heading-border\"><div class=\"special-heading-inner-border\"><\/div><\/div><\/div>\n\n<style type=\"text\/css\" data-created_by=\"avia_inline_auto\" id=\"style-css-av-3vrsq-2baf000b299bbf401f4448708ee24fa7\">\n.flex_column.av-3vrsq-2baf000b299bbf401f4448708ee24fa7{\nborder-radius:0px 0px 0px 0px;\npadding:0px 0px 0px 0px;\n}\n<\/style>\n<div  class='flex_column av-3vrsq-2baf000b299bbf401f4448708ee24fa7 av_one_third  avia-builder-el-2  el_after_av_heading  el_before_av_one_third  first flex_column_div av-zero-column-padding  '     ><p>\n<style type=\"text\/css\" data-created_by=\"avia_inline_auto\" id=\"style-css-av-ff69u-1a1a59bd61fe0e27d04d403bca3b5af0\">\n#top .av-special-heading.av-ff69u-1a1a59bd61fe0e27d04d403bca3b5af0{\npadding-bottom:10px;\n}\nbody .av-special-heading.av-ff69u-1a1a59bd61fe0e27d04d403bca3b5af0 .av-special-heading-tag .heading-char{\nfont-size:25px;\n}\n.av-special-heading.av-ff69u-1a1a59bd61fe0e27d04d403bca3b5af0 .av-subheading{\nfont-size:15px;\n}\n<\/style>\n<div  class='av-special-heading av-ff69u-1a1a59bd61fe0e27d04d403bca3b5af0 av-special-heading-h3  avia-builder-el-3  el_before_av_textblock  avia-builder-el-first '><h3 class='av-special-heading-tag '  itemprop=\"headline\"  >Die Zielgruppe einer Entwicklungsf\u00f6rderung \u2026<\/h3><div class=\"special-heading-border\"><div class=\"special-heading-inner-border\"><\/div><\/div><\/div><br \/>\n<section  class='av_textblock_section av-k75voew3-53537d0406867841a96ea0acc23c8b32 '   itemscope=\"itemscope\" itemtype=\"https:\/\/schema.org\/CreativeWork\" ><div class='avia_textblock'  itemprop=\"text\" ><p>durch die Barbos-Stiftung sind Kinder und Jugendliche, die in \u00f6ffentlichen oder privatrechtlichen Institutionen (wie Kinderg\u00e4rten, Kindertagesst\u00e4tten, Schulen, Kinderheimen oder anderen Betreuungseinrichtungen) verhaltensauff\u00e4llig werden. Dazu z\u00e4hlt z.B., wenn\u00a0 sie die Gemeinschaft st\u00f6ren oder andere Formen destruktiven Verhaltens zeigen und sich dadurch nicht in den sozialen Kontext eingliedern k\u00f6nnen.<\/p>\n<\/div><\/section><\/p><\/div>\n\n<style type=\"text\/css\" data-created_by=\"avia_inline_auto\" id=\"style-css-av-y7t2i-2f2dcce8700aa436eb485c4114dc0fef\">\n.flex_column.av-y7t2i-2f2dcce8700aa436eb485c4114dc0fef{\nborder-radius:0px 0px 0px 0px;\npadding:0px 0px 0px 0px;\n}\n<\/style>\n<div  class='flex_column av-y7t2i-2f2dcce8700aa436eb485c4114dc0fef av_one_third  avia-builder-el-5  el_after_av_one_third  el_before_av_one_third  flex_column_div av-zero-column-padding  '     ><p>\n<style type=\"text\/css\" data-created_by=\"avia_inline_auto\" id=\"style-css-av-k75vnj6u-210dd2cdcfe60667ed062b83d8a9ebea\">\n#top .av-special-heading.av-k75vnj6u-210dd2cdcfe60667ed062b83d8a9ebea{\npadding-bottom:10px;\n}\nbody .av-special-heading.av-k75vnj6u-210dd2cdcfe60667ed062b83d8a9ebea .av-special-heading-tag .heading-char{\nfont-size:25px;\n}\n.av-special-heading.av-k75vnj6u-210dd2cdcfe60667ed062b83d8a9ebea .av-subheading{\nfont-size:15px;\n}\n<\/style>\n<div  class='av-special-heading av-k75vnj6u-210dd2cdcfe60667ed062b83d8a9ebea av-special-heading-h3  avia-builder-el-6  el_before_av_textblock  avia-builder-el-first '><h3 class='av-special-heading-tag '  itemprop=\"headline\"  >Die Voraussetzungen einer F\u00f6rderung \u2026<\/h3><div class=\"special-heading-border\"><div class=\"special-heading-inner-border\"><\/div><\/div><\/div><br \/>\n<section  class='av_textblock_section av-k75vp791-3ec85524b7a8e308febbd8dc01c3093a '   itemscope=\"itemscope\" itemtype=\"https:\/\/schema.org\/CreativeWork\" ><div class='avia_textblock'  itemprop=\"text\" ><p>durch die Barbos-Stiftung sind dann gegeben, wenn ein Kind oder Jugendlicher verhaltensauff\u00e4llig wird und seine Eltern oder Erziehungsberechtigten oder auch das Jugendamt finanziell nicht in der Lage sind, diesem die notwendige therapeutische Hilfe und Unterst\u00fctzung zukommen zu lassen.<\/p>\n<\/div><\/section><\/p><\/div>\n\n<style type=\"text\/css\" data-created_by=\"avia_inline_auto\" id=\"style-css-av-rkni2-33fea0a5ade4a580bd849b0aebd3575c\">\n.flex_column.av-rkni2-33fea0a5ade4a580bd849b0aebd3575c{\nborder-radius:0px 0px 0px 0px;\npadding:0px 0px 0px 0px;\n}\n<\/style>\n<div  class='flex_column av-rkni2-33fea0a5ade4a580bd849b0aebd3575c av_one_third  avia-builder-el-8  el_after_av_one_third  el_before_av_one_third  flex_column_div av-zero-column-padding  '     ><p>\n<style type=\"text\/css\" data-created_by=\"avia_inline_auto\" id=\"style-css-av-1rsgi-0ede2c3eb19e24efd56e0adbc91a1f5e\">\n#top .av-special-heading.av-1rsgi-0ede2c3eb19e24efd56e0adbc91a1f5e{\npadding-bottom:10px;\n}\nbody .av-special-heading.av-1rsgi-0ede2c3eb19e24efd56e0adbc91a1f5e .av-special-heading-tag .heading-char{\nfont-size:25px;\n}\n.av-special-heading.av-1rsgi-0ede2c3eb19e24efd56e0adbc91a1f5e .av-subheading{\nfont-size:15px;\n}\n<\/style>\n<div  class='av-special-heading av-1rsgi-0ede2c3eb19e24efd56e0adbc91a1f5e av-special-heading-h3  avia-builder-el-9  el_before_av_textblock  avia-builder-el-first '><h3 class='av-special-heading-tag '  itemprop=\"headline\"  >Die Empfehlung f\u00fcr eine F\u00f6rderma\u00dfnahme \u2026<\/h3><div class=\"special-heading-border\"><div class=\"special-heading-inner-border\"><\/div><\/div><\/div><br \/>\n<section  class='av_textblock_section av-k75vpfja-c952b6ccf3ba3a7c364f58da78642872 '   itemscope=\"itemscope\" itemtype=\"https:\/\/schema.org\/CreativeWork\" ><div class='avia_textblock'  itemprop=\"text\" ><p>soll in der Regel von der Institution gegeben werden, die das Kind im t\u00e4glichen Umgang erlebt und mit dessen Problemen konfrontiert ist. &#8211; Es k\u00f6nnen aber auch \u00c4rzte, Therapeuten oder andere Einzelpersonen eine solche F\u00f6rderung vorschlagen.<\/p>\n<\/div><\/section><br \/>\n\n<style type=\"text\/css\" data-created_by=\"avia_inline_auto\" id=\"style-css-av-k75x8t96-9fff245d6fac59f001f302e5df31bff3\">\n.avia-image-container.av-k75x8t96-9fff245d6fac59f001f302e5df31bff3 img.avia_image{\nbox-shadow:none;\n}\n.avia-image-container.av-k75x8t96-9fff245d6fac59f001f302e5df31bff3 .av-image-caption-overlay-center{\ncolor:#ffffff;\n}\n<\/style>\n<div  class='avia-image-container av-k75x8t96-9fff245d6fac59f001f302e5df31bff3 av-styling- avia-align-center  avia-builder-el-11  el_after_av_textblock  avia-builder-el-last '   itemprop=\"image\" itemscope=\"itemscope\" itemtype=\"https:\/\/schema.org\/ImageObject\" ><div class=\"avia-image-container-inner\"><div class=\"avia-image-overlay-wrap\"><img decoding=\"async\" fetchpriority=\"high\" class='wp-image-223 avia-img-lazy-loading-not-223 avia_image ' src=\"https:\/\/www.barbos-stiftung.de\/cms\/wp-content\/uploads\/2020\/02\/sternschnuppe-1.gif\" alt='' title='sternschnuppe'  height=\"90\" width=\"105\"  itemprop=\"thumbnailUrl\"  \/><\/div><\/div><\/div><\/p><\/div>\n\n<style type=\"text\/css\" data-created_by=\"avia_inline_auto\" id=\"style-css-av-isnqa-bbccff4fdece463420166e6a72fbf088\">\n.flex_column.av-isnqa-bbccff4fdece463420166e6a72fbf088{\nborder-radius:0px 0px 0px 0px;\npadding:0px 0px 0px 0px;\n}\n<\/style>\n<div  class='flex_column av-isnqa-bbccff4fdece463420166e6a72fbf088 av_one_third  avia-builder-el-12  el_after_av_one_third  el_before_av_one_third  first flex_column_div av-zero-column-padding  column-top-margin'     ><p>\n<style type=\"text\/css\" data-created_by=\"avia_inline_auto\" id=\"style-css-av-ay3nu-241b43461090913256667b105461b888\">\n#top .av-special-heading.av-ay3nu-241b43461090913256667b105461b888{\npadding-bottom:10px;\n}\nbody .av-special-heading.av-ay3nu-241b43461090913256667b105461b888 .av-special-heading-tag .heading-char{\nfont-size:25px;\n}\n.av-special-heading.av-ay3nu-241b43461090913256667b105461b888 .av-subheading{\nfont-size:15px;\n}\n<\/style>\n<div  class='av-special-heading av-ay3nu-241b43461090913256667b105461b888 av-special-heading-h3  avia-builder-el-13  el_before_av_textblock  avia-builder-el-first '><h3 class='av-special-heading-tag '  itemprop=\"headline\"  >Der Antrag auf F\u00f6rderung \u2026<\/h3><div class=\"special-heading-border\"><div class=\"special-heading-inner-border\"><\/div><\/div><\/div><br \/>\n<section  class='av_textblock_section av-k75vpnqu-53d6a42276fb6afacc827e0ac36c8d1f '   itemscope=\"itemscope\" itemtype=\"https:\/\/schema.org\/CreativeWork\" ><div class='avia_textblock'  itemprop=\"text\" ><p>wird in der Regel von den Eltern \/ Erziehungsberechtigten gestellt \u2013 und zwar auf Vorschlag dieser Einrichtungen. Oder von der Einrichtung selbst &#8211; im Auftrag der Eltern \/ Erziehungsberechtigten.<br \/>\nIn jedem Fall muss die Einrichtung den Antrag schriftlich bef\u00fcrworten.<br \/>\nDie Barbos-Stiftung entscheidet \u00fcber den Antrag und trifft ihrerseits die Absprache mit der\/m Therapeutin\/en, die\/den die Stiftung f\u00fcr die Arbeit mit dem jeweiligen Kind vorschl\u00e4gt (<a href=\"..\/foerderantraege\/\">siehe F\u00f6rderantr\u00e4ge<\/a>).<\/p>\n<\/div><\/section><\/p><\/div>\n\n<style type=\"text\/css\" data-created_by=\"avia_inline_auto\" id=\"style-css-av-h9t6y-246715e2f966b6d791e3a8fbe31782d0\">\n.flex_column.av-h9t6y-246715e2f966b6d791e3a8fbe31782d0{\nborder-radius:0px 0px 0px 0px;\npadding:0px 0px 0px 0px;\n}\n<\/style>\n<div  class='flex_column av-h9t6y-246715e2f966b6d791e3a8fbe31782d0 av_one_third  avia-builder-el-15  el_after_av_one_third  el_before_av_one_third  flex_column_div av-zero-column-padding  column-top-margin'     ><p>\n<style type=\"text\/css\" data-created_by=\"avia_inline_auto\" id=\"style-css-av-avaky-1261a3feaf2b2a8a23bd6caabfaefabc\">\n#top .av-special-heading.av-avaky-1261a3feaf2b2a8a23bd6caabfaefabc{\npadding-bottom:10px;\n}\nbody .av-special-heading.av-avaky-1261a3feaf2b2a8a23bd6caabfaefabc .av-special-heading-tag .heading-char{\nfont-size:25px;\n}\n.av-special-heading.av-avaky-1261a3feaf2b2a8a23bd6caabfaefabc .av-subheading{\nfont-size:15px;\n}\n<\/style>\n<div  class='av-special-heading av-avaky-1261a3feaf2b2a8a23bd6caabfaefabc av-special-heading-h3  avia-builder-el-16  el_before_av_textblock  avia-builder-el-first '><h3 class='av-special-heading-tag '  itemprop=\"headline\"  >Die Stundenzahl<\/h3><div class=\"special-heading-border\"><div class=\"special-heading-inner-border\"><\/div><\/div><\/div><br \/>\n<section  class='av_textblock_section av-k75vpshw-d1038110f1855c5141bdb04a66aaa76c '   itemscope=\"itemscope\" itemtype=\"https:\/\/schema.org\/CreativeWork\" ><div class='avia_textblock'  itemprop=\"text\" ><p>f\u00fcr eine F\u00f6rderung betr\u00e4gt grunds\u00e4tzlich 15 Therapiestunden f\u00fcr ein Kind \/ Jugendlichen. Das ist der Erfahrungswert f\u00fcr eine sinnhafte F\u00f6rderdauer.<br \/>\nAuf Antrag des Therapeuten \/ Begleiters oder der Einrichtung kann die Bezuschussung weiterer 15 Stunden &#8211; nach Pr\u00fcfung durch die Stiftung &#8211; gew\u00e4hrt werden.<\/p>\n<\/div><\/section><br \/>\n\n<style type=\"text\/css\" data-created_by=\"avia_inline_auto\" id=\"style-css-av-k75xh1gu-c93812c8ca8b1018006a0f7472d66da9\">\n#top .hr.hr-invisible.av-k75xh1gu-c93812c8ca8b1018006a0f7472d66da9{\nheight:30px;\n}\n<\/style>\n<div  class='hr av-k75xh1gu-c93812c8ca8b1018006a0f7472d66da9 hr-invisible  avia-builder-el-18  el_after_av_textblock  el_before_av_image '><span class='hr-inner '><span class=\"hr-inner-style\"><\/span><\/span><\/div><br \/>\n\n<style type=\"text\/css\" data-created_by=\"avia_inline_auto\" id=\"style-css-av-k75xgjav-a114a0cdf62253e86040eafccf961d25\">\n.avia-image-container.av-k75xgjav-a114a0cdf62253e86040eafccf961d25 img.avia_image{\nbox-shadow:none;\n}\n.avia-image-container.av-k75xgjav-a114a0cdf62253e86040eafccf961d25 .av-image-caption-overlay-center{\ncolor:#ffffff;\n}\n<\/style>\n<div  class='avia-image-container av-k75xgjav-a114a0cdf62253e86040eafccf961d25 av-styling- avia-align-center  avia-builder-el-19  el_after_av_hr  avia-builder-el-last '   itemprop=\"image\" itemscope=\"itemscope\" itemtype=\"https:\/\/schema.org\/ImageObject\" ><div class=\"avia-image-container-inner\"><div class=\"avia-image-overlay-wrap\"><img decoding=\"async\" fetchpriority=\"high\" class='wp-image-226 avia-img-lazy-loading-not-226 avia_image ' src=\"https:\/\/www.barbos-stiftung.de\/cms\/wp-content\/uploads\/2020\/02\/libelle-1.gif\" alt='' title='libelle'  height=\"60\" width=\"60\"  itemprop=\"thumbnailUrl\" srcset=\"https:\/\/www.barbos-stiftung.de\/cms\/wp-content\/uploads\/2020\/02\/libelle-1.gif 60w, https:\/\/www.barbos-stiftung.de\/cms\/wp-content\/uploads\/2020\/02\/libelle-1-36x36.gif 36w\" sizes=\"(max-width: 60px) 100vw, 60px\" \/><\/div><\/div><\/div><\/p><\/div>\n\n<style type=\"text\/css\" data-created_by=\"avia_inline_auto\" id=\"style-css-av-besqq-23617c8aeb6ee9b9dcfd5c060c08aa93\">\n.flex_column.av-besqq-23617c8aeb6ee9b9dcfd5c060c08aa93{\nborder-radius:0px 0px 0px 0px;\npadding:0px 0px 0px 0px;\n}\n<\/style>\n<div  class='flex_column av-besqq-23617c8aeb6ee9b9dcfd5c060c08aa93 av_one_third  avia-builder-el-20  el_after_av_one_third  avia-builder-el-last  flex_column_div av-zero-column-padding  column-top-margin'     ><p>\n<style type=\"text\/css\" data-created_by=\"avia_inline_auto\" id=\"style-css-av-k75vo83m-d8c64b565d037e0c2087e959df2e22db\">\n#top .av-special-heading.av-k75vo83m-d8c64b565d037e0c2087e959df2e22db{\npadding-bottom:10px;\n}\nbody .av-special-heading.av-k75vo83m-d8c64b565d037e0c2087e959df2e22db .av-special-heading-tag .heading-char{\nfont-size:25px;\n}\n.av-special-heading.av-k75vo83m-d8c64b565d037e0c2087e959df2e22db .av-subheading{\nfont-size:15px;\n}\n<\/style>\n<div  class='av-special-heading av-k75vo83m-d8c64b565d037e0c2087e959df2e22db av-special-heading-h3  avia-builder-el-21  el_before_av_textblock  avia-builder-el-first '><h3 class='av-special-heading-tag '  itemprop=\"headline\"  >Kreativ-therapeutische Methoden \u2026<\/h3><div class=\"special-heading-border\"><div class=\"special-heading-inner-border\"><\/div><\/div><\/div><br \/>\n<section  class='av_textblock_section av-k75vpygh-bc3cc2901ed3d5f0e0cd3e9aacf89ced '   itemscope=\"itemscope\" itemtype=\"https:\/\/schema.org\/CreativeWork\" ><div class='avia_textblock'  itemprop=\"text\" ><p>wie z.B. Arbeit am Tonfeld\u00ae und freies Malen sollen den Kindern oder Jugendlichen individuelle, emotionale Ausdrucks- und Entfaltungsm\u00f6glichkeiten anbieten.<br \/>\nImmer dann, wenn es am Ort der Einrichtung eine(n) qualifizierte(n) Begleiter \/ Begleiterin in der Arbeit am Tonfeld\u00ae gibt, soll im Sinne der Stiftung diese Methode als erste angewandt werden.<br \/>\nGibt es keinen solchen Begleiter, sollen andere kunsttherapeutische Methoden entsprechend den M\u00f6glichkeiten des Kindes \/ Jugendlichen eingesetzt werden, z.B. freies Malen.<\/p>\n<\/div><\/section><\/p><\/div>\n","protected":false},"excerpt":{"rendered":"","protected":false},"author":1,"featured_media":0,"parent":0,"menu_order":0,"comment_status":"closed","ping_status":"closed","template":"","meta":{"footnotes":""},"class_list":["post-210","page","type-page","status-publish","hentry"],"_links":{"self":[{"href":"https:\/\/www.barbos-stiftung.de\/cms\/index.php\/wp-json\/wp\/v2\/pages\/210","targetHints":{"allow":["GET"]}}],"collection":[{"href":"https:\/\/www.barbos-stiftung.de\/cms\/index.php\/wp-json\/wp\/v2\/pages"}],"about":[{"href":"https:\/\/www.barbos-stiftung.de\/cms\/index.php\/wp-json\/wp\/v2\/types\/page"}],"author":[{"embeddable":true,"href":"https:\/\/www.barbos-stiftung.de\/cms\/index.php\/wp-json\/wp\/v2\/users\/1"}],"replies":[{"embeddable":true,"href":"https:\/\/www.barbos-stiftung.de\/cms\/index.php\/wp-json\/wp\/v2\/comments?post=210"}],"version-history":[{"count":0,"href":"https:\/\/www.barbos-stiftung.de\/cms\/index.php\/wp-json\/wp\/v2\/pages\/210\/revisions"}],"wp:attachment":[{"href":"https:\/\/www.barbos-stiftung.de\/cms\/index.php\/wp-json\/wp\/v2\/media?parent=210"}],"curies":[{"name":"wp","href":"https:\/\/api.w.org\/{rel}","templated":true}]}}