{"id":479,"date":"2020-02-28T21:41:18","date_gmt":"2020-02-28T20:41:18","guid":{"rendered":"http:\/\/barbos.schambeck.eu\/?page_id=479"},"modified":"2025-07-04T20:01:40","modified_gmt":"2025-07-04T18:01:40","slug":"transparenz","status":"publish","type":"page","link":"https:\/\/www.barbos-stiftung.de\/cms\/index.php\/transparenz\/","title":{"rendered":"Transparenz"},"content":{"rendered":"\n<style type=\"text\/css\" data-created_by=\"avia_inline_auto\" id=\"style-css-av-bln3b-6c908edc6d908c786a8d08dbb083b290\">\n#top .av-special-heading.av-bln3b-6c908edc6d908c786a8d08dbb083b290{\npadding-bottom:10px;\n}\nbody .av-special-heading.av-bln3b-6c908edc6d908c786a8d08dbb083b290 .av-special-heading-tag .heading-char{\nfont-size:25px;\n}\n.av-special-heading.av-bln3b-6c908edc6d908c786a8d08dbb083b290 .av-subheading{\nfont-size:15px;\n}\n<\/style>\n<div  class='av-special-heading av-bln3b-6c908edc6d908c786a8d08dbb083b290 av-special-heading-h2  avia-builder-el-0  el_before_av_textblock  avia-builder-el-first '><h2 class='av-special-heading-tag '  itemprop=\"headline\"  >Transparenz<\/h2><div class=\"special-heading-border\"><div class=\"special-heading-inner-border\"><\/div><\/div><\/div>\n<section  class='av_textblock_section av-k76n7id2-88385d47fde076e02ca54adad239c119 '   itemscope=\"itemscope\" itemtype=\"https:\/\/schema.org\/CreativeWork\" ><div class='avia_textblock'  itemprop=\"text\" ><p>Die\u00a0<strong>Barbos-Stiftung<\/strong> f\u00fchlt sich den Ma\u00dfst\u00e4ben von transparenter Gesch\u00e4ftsstruktur im Non-Profit Sektor verpflichtet, die von <strong>Transparency International<\/strong>\u00a0formuliert worden sind.<\/p>\n<p>Deshalb ver\u00f6ffentlicht die Stiftung hier &#8230;<\/p>\n<\/div><\/section>\n\n<style type=\"text\/css\" data-created_by=\"avia_inline_auto\" id=\"style-css-av-koxhz-f3ba52bf5fcbbf0ac85873fca9152223\">\n.flex_column.av-koxhz-f3ba52bf5fcbbf0ac85873fca9152223{\nborder-radius:0px 0px 0px 0px;\npadding:0px 0px 0px 0px;\n}\n<\/style>\n<div  class='flex_column av-koxhz-f3ba52bf5fcbbf0ac85873fca9152223 av_one_third  avia-builder-el-2  el_after_av_textblock  el_before_av_one_third  first flex_column_div av-zero-column-padding  column-top-margin'     ><p><div  class='avia-button-wrap av-k76nmwyv-f4db17dfd99e84ce18690b7532c61be2-wrap avia-button-left  avia-builder-el-3  el_before_av_button  avia-builder-el-first '><a href='..\/..\/wp-content\/uploads\/2022\/11\/Barbos-Stiftung-Satzung.pdf'  class='avia-button av-k76nmwyv-f4db17dfd99e84ce18690b7532c61be2 av-link-btn avia-icon_select-yes-left-icon avia-size-large avia-position-left avia-color-theme-color'  target=\"_blank\"  rel=\"noopener noreferrer\"  aria-label=\"Satzung\"><span class='avia_button_icon avia_button_icon_left avia-iconfont avia-font-entypo-fontello' data-av_icon='\ue84e' data-av_iconfont='entypo-fontello' ><\/span><span class='avia_iconbox_title' >Satzung<\/span><\/a><\/div><br \/>\n<div  class='avia-button-wrap av-k76nmwyv-16-609a08fb898b399eb754818f973efac8-wrap avia-button-left  avia-builder-el-4  el_after_av_button  avia-builder-el-last '><a href='https:\/\/www.barbos-stiftung.de\/cms\/index.php\/barbara-osterwald\/'  class='avia-button av-k76nmwyv-16-609a08fb898b399eb754818f973efac8 av-link-btn avia-icon_select-yes-left-icon avia-size-large avia-position-left avia-color-theme-color'   aria-label=\"Vorstand\"><span class='avia_button_icon avia_button_icon_left avia-iconfont avia-font-entypo-fontello' data-av_icon='\ue80b' data-av_iconfont='entypo-fontello' ><\/span><span class='avia_iconbox_title' >Vorstand<\/span><\/a><\/div><\/p><\/div>\n\n<style type=\"text\/css\" data-created_by=\"avia_inline_auto\" id=\"style-css-av-dk44n-c692d1e246b32e94efd6341db04cf630\">\n.flex_column.av-dk44n-c692d1e246b32e94efd6341db04cf630{\nborder-radius:0px 0px 0px 0px;\npadding:0px 0px 0px 0px;\n}\n<\/style>\n<div  class='flex_column av-dk44n-c692d1e246b32e94efd6341db04cf630 av_one_third  avia-builder-el-5  el_after_av_one_third  el_before_av_one_third  flex_column_div av-zero-column-padding  column-top-margin'     ><p><div  class='avia-button-wrap av-7ujnz-beb6876b7018a89ad64c7458fdc935db-wrap avia-button-left  avia-builder-el-6  el_before_av_button  avia-builder-el-first '><a href='https:\/\/www.barbos-stiftung.de\/cms\/wp-content\/uploads\/2025\/07\/Barbos-Stiftung_Geschaeftsbericht_2024.pdf'  class='avia-button av-7ujnz-beb6876b7018a89ad64c7458fdc935db av-link-btn avia-icon_select-yes-left-icon avia-size-large avia-position-left avia-color-theme-color'  target=\"_blank\"  rel=\"noopener noreferrer\"  aria-label=\"Gesch\u00e4ftsbericht 2024\"><span class='avia_button_icon avia_button_icon_left avia-iconfont avia-font-entypo-fontello' data-av_icon='\ue84c' data-av_iconfont='entypo-fontello' ><\/span><span class='avia_iconbox_title' >Gesch\u00e4ftsbericht 2024<\/span><\/a><\/div><br \/>\n<div  class='avia-button-wrap av-av_button-281d5aca512c24154e0c2a79bb2f7c11-wrap avia-button-left  avia-builder-el-7  el_after_av_button  el_before_av_button '><a href='..\/..\/wp-content\/uploads\/2024\/06\/Barbos-Stiftung-Geschaeftsbericht-2023_final_02.pdf'  class='avia-button av-av_button-281d5aca512c24154e0c2a79bb2f7c11 av-link-btn avia-icon_select-yes-left-icon avia-size-large avia-position-left avia-color-theme-color'  target=\"_blank\"  rel=\"noopener noreferrer\"  aria-label=\"Gesch\u00e4ftsbericht 2023\"><span class='avia_button_icon avia_button_icon_left avia-iconfont avia-font-entypo-fontello' data-av_icon='\ue84c' data-av_iconfont='entypo-fontello' ><\/span><span class='avia_iconbox_title' >Gesch\u00e4ftsbericht 2023<\/span><\/a><\/div><br \/>\n<div  class='avia-button-wrap av-bd5jb-5cb838a5775a454c8cdb6d025cfa32dc-wrap avia-button-left  avia-builder-el-8  el_after_av_button  el_before_av_button '><a href='..\/..\/wp-content\/uploads\/2023\/06\/Barbos-Stiftung-Geschaeftsbericht-2022.pdf'  class='avia-button av-bd5jb-5cb838a5775a454c8cdb6d025cfa32dc av-link-btn avia-icon_select-yes-left-icon avia-size-large avia-position-left avia-color-theme-color'  target=\"_blank\"  rel=\"noopener noreferrer\"  aria-label=\"Gesch\u00e4ftsbericht 2022\"><span class='avia_button_icon avia_button_icon_left avia-iconfont avia-font-entypo-fontello' data-av_icon='\ue84c' data-av_iconfont='entypo-fontello' ><\/span><span class='avia_iconbox_title' >Gesch\u00e4ftsbericht 2022<\/span><\/a><\/div><br \/>\n<div  class='avia-button-wrap av-9thof-fe00530c491311a32dfdb7629d35d55f-wrap avia-button-left  avia-builder-el-9  el_after_av_button  el_before_av_button '><a href='..\/..\/wp-content\/uploads\/2022\/03\/Barbos-Stiftung-Geschaeftsbericht-2021.pdf'  class='avia-button av-9thof-fe00530c491311a32dfdb7629d35d55f av-link-btn avia-icon_select-yes-left-icon avia-size-large avia-position-left avia-color-theme-color'  target=\"_blank\"  rel=\"noopener noreferrer\"  aria-label=\"Gesch\u00e4ftsbericht 2021\"><span class='avia_button_icon avia_button_icon_left avia-iconfont avia-font-entypo-fontello' data-av_icon='\ue84c' data-av_iconfont='entypo-fontello' ><\/span><span class='avia_iconbox_title' >Gesch\u00e4ftsbericht 2021<\/span><\/a><\/div><br \/>\n<div  class='avia-button-wrap av-ae8lb-a90b6cdff1684561dfc151a08bf16cb2-wrap avia-button-left  avia-builder-el-10  el_after_av_button  el_before_av_button '><a href='..\/..\/wp-content\/uploads\/2021\/05\/Geschaeftsbericht_2020.pdf'  class='avia-button av-ae8lb-a90b6cdff1684561dfc151a08bf16cb2 av-link-btn avia-icon_select-yes-left-icon avia-size-large avia-position-left avia-color-theme-color'  target=\"_blank\"  rel=\"noopener noreferrer\"  aria-label=\"Gesch\u00e4ftsbericht 2020\"><span class='avia_button_icon avia_button_icon_left avia-iconfont avia-font-entypo-fontello' data-av_icon='\ue84c' data-av_iconfont='entypo-fontello' ><\/span><span class='avia_iconbox_title' >Gesch\u00e4ftsbericht 2020<\/span><\/a><\/div><br \/>\n<div  class='avia-button-wrap av-azmnj-fdb4187f6caf6b4ae08905b133270bd4-wrap avia-button-left  avia-builder-el-11  el_after_av_button  el_before_av_button '><a href='..\/..\/wp-content\/uploads\/2020\/02\/Geschaeftsbericht-2019.pdf'  class='avia-button av-azmnj-fdb4187f6caf6b4ae08905b133270bd4 av-link-btn avia-icon_select-yes-left-icon avia-size-large avia-position-left avia-color-theme-color'  target=\"_blank\"  rel=\"noopener noreferrer\"  aria-label=\"Gesch\u00e4ftsbericht 2019\"><span class='avia_button_icon avia_button_icon_left avia-iconfont avia-font-entypo-fontello' data-av_icon='\ue84c' data-av_iconfont='entypo-fontello' ><\/span><span class='avia_iconbox_title' >Gesch\u00e4ftsbericht 2019<\/span><\/a><\/div><br \/>\n<div  class='avia-button-wrap av-k76nmwyv-15-bd0c43caa221cfcec930ebdc0f0fead5-wrap avia-button-left  avia-builder-el-12  el_after_av_button  el_before_av_button '><a href='..\/..\/wp-content\/uploads\/2020\/02\/Geschaeftsbericht-2018.pdf'  class='avia-button av-k76nmwyv-15-bd0c43caa221cfcec930ebdc0f0fead5 av-link-btn avia-icon_select-yes-left-icon avia-size-large avia-position-left avia-color-theme-color'  target=\"_blank\"  rel=\"noopener noreferrer\"  aria-label=\"Gesch\u00e4ftsbericht 2018\"><span class='avia_button_icon avia_button_icon_left avia-iconfont avia-font-entypo-fontello' data-av_icon='\ue84c' data-av_iconfont='entypo-fontello' ><\/span><span class='avia_iconbox_title' >Gesch\u00e4ftsbericht 2018<\/span><\/a><\/div><br \/>\n<div  class='avia-button-wrap av-k76nmwyv-14-4f4b0021fd28b14da3f15c82886afeab-wrap avia-button-left  avia-builder-el-13  el_after_av_button  el_before_av_button '><a href='..\/..\/wp-content\/uploads\/2020\/02\/Geschaeftsbericht-2017.pdf'  class='avia-button av-k76nmwyv-14-4f4b0021fd28b14da3f15c82886afeab av-link-btn avia-icon_select-yes-left-icon avia-size-large avia-position-left avia-color-theme-color'  target=\"_blank\"  rel=\"noopener noreferrer\"  aria-label=\"Gesch\u00e4ftsbericht 2017\"><span class='avia_button_icon avia_button_icon_left avia-iconfont avia-font-entypo-fontello' data-av_icon='\ue84c' data-av_iconfont='entypo-fontello' ><\/span><span class='avia_iconbox_title' >Gesch\u00e4ftsbericht 2017<\/span><\/a><\/div><br \/>\n<div  class='avia-button-wrap av-k76nmwyv-13-622d1599f6766ff64bdbf53c0a1d323d-wrap avia-button-left  avia-builder-el-14  el_after_av_button  el_before_av_button '><a href='..\/..\/wp-content\/uploads\/2020\/02\/Geschaeftsbericht-2016.pdf'  class='avia-button av-k76nmwyv-13-622d1599f6766ff64bdbf53c0a1d323d av-link-btn avia-icon_select-yes-left-icon avia-size-large avia-position-left avia-color-theme-color'  target=\"_blank\"  rel=\"noopener noreferrer\"  aria-label=\"Gesch\u00e4ftsbericht 2016\"><span class='avia_button_icon avia_button_icon_left avia-iconfont avia-font-entypo-fontello' data-av_icon='\ue84c' data-av_iconfont='entypo-fontello' ><\/span><span class='avia_iconbox_title' >Gesch\u00e4ftsbericht 2016<\/span><\/a><\/div><br \/>\n<div  class='avia-button-wrap av-k76nmwyv-12-3f8d362f800c3e66c3cbde91325fe278-wrap avia-button-left  avia-builder-el-15  el_after_av_button  el_before_av_button '><a href='..\/..\/wp-content\/uploads\/2020\/02\/Geschaeftsbericht-2015.pdf'  class='avia-button av-k76nmwyv-12-3f8d362f800c3e66c3cbde91325fe278 av-link-btn avia-icon_select-yes-left-icon avia-size-large avia-position-left avia-color-theme-color'  target=\"_blank\"  rel=\"noopener noreferrer\"  aria-label=\"Gesch\u00e4ftsbericht 2015\"><span class='avia_button_icon avia_button_icon_left avia-iconfont avia-font-entypo-fontello' data-av_icon='\ue84c' data-av_iconfont='entypo-fontello' ><\/span><span class='avia_iconbox_title' >Gesch\u00e4ftsbericht 2015<\/span><\/a><\/div><br \/>\n<div  class='avia-button-wrap av-k76nmwyv-11-8f4f40211bc3c174779e43b79c0373e9-wrap avia-button-left  avia-builder-el-16  el_after_av_button  el_before_av_button '><a href='..\/..\/wp-content\/uploads\/2020\/02\/Geschaeftsbericht-2014.pdf'  class='avia-button av-k76nmwyv-11-8f4f40211bc3c174779e43b79c0373e9 av-link-btn avia-icon_select-yes-left-icon avia-size-large avia-position-left avia-color-theme-color'  target=\"_blank\"  rel=\"noopener noreferrer\"  aria-label=\"Gesch\u00e4ftsbericht 2014\"><span class='avia_button_icon avia_button_icon_left avia-iconfont avia-font-entypo-fontello' data-av_icon='\ue84c' data-av_iconfont='entypo-fontello' ><\/span><span class='avia_iconbox_title' >Gesch\u00e4ftsbericht 2014<\/span><\/a><\/div><br \/>\n<div  class='avia-button-wrap av-k76nmwyv-10-61a084c1029674c153d7a72c0e69326e-wrap avia-button-left  avia-builder-el-17  el_after_av_button  el_before_av_button '><a href='..\/..\/wp-content\/uploads\/2020\/02\/Geschaeftsbericht-2013.pdf'  class='avia-button av-k76nmwyv-10-61a084c1029674c153d7a72c0e69326e av-link-btn avia-icon_select-yes-left-icon avia-size-large avia-position-left avia-color-theme-color'  target=\"_blank\"  rel=\"noopener noreferrer\"  aria-label=\"Gesch\u00e4ftsbericht 2013\"><span class='avia_button_icon avia_button_icon_left avia-iconfont avia-font-entypo-fontello' data-av_icon='\ue84c' data-av_iconfont='entypo-fontello' ><\/span><span class='avia_iconbox_title' >Gesch\u00e4ftsbericht 2013<\/span><\/a><\/div><br \/>\n<div  class='avia-button-wrap av-k76nmwyv-9-b657be933ada8d526470b9600c43cbe5-wrap avia-button-left  avia-builder-el-18  el_after_av_button  avia-builder-el-last '><a href='..\/..\/wp-content\/uploads\/2020\/02\/Geschaeftsbericht_2012.pdf'  class='avia-button av-k76nmwyv-9-b657be933ada8d526470b9600c43cbe5 av-link-btn avia-icon_select-yes-left-icon avia-size-large avia-position-left avia-color-theme-color'  target=\"_blank\"  rel=\"noopener noreferrer\"  aria-label=\"Gesch\u00e4ftsbericht 2012\"><span class='avia_button_icon avia_button_icon_left avia-iconfont avia-font-entypo-fontello' data-av_icon='\ue84c' data-av_iconfont='entypo-fontello' ><\/span><span class='avia_iconbox_title' >Gesch\u00e4ftsbericht 2012<\/span><\/a><\/div><\/p><\/div>\n<style type=\"text\/css\" data-created_by=\"avia_inline_auto\" id=\"style-css-av-6ki9b-555d8d9e5d142fdca674ee8f31d6fc05\">\n.flex_column.av-6ki9b-555d8d9e5d142fdca674ee8f31d6fc05{\nborder-radius:0px 0px 0px 0px;\npadding:0px 0px 0px 0px;\n}\n<\/style>\n<div  class='flex_column av-6ki9b-555d8d9e5d142fdca674ee8f31d6fc05 av_one_third  avia-builder-el-19  el_after_av_one_third  avia-builder-el-last  flex_column_div av-zero-column-padding  column-top-margin'     ><p><div  class='avia-button-wrap av-k76nmwyv-8-3c78416269e454f11346cf60312828e7-wrap avia-button-left  avia-builder-el-20  el_before_av_button  avia-builder-el-first '><a href='..\/..\/wp-content\/uploads\/2020\/02\/Finanzbericht-2019.pdf'  class='avia-button av-k76nmwyv-8-3c78416269e454f11346cf60312828e7 av-link-btn avia-icon_select-yes-left-icon avia-size-large avia-position-left avia-color-theme-color'  target=\"_blank\"  rel=\"noopener noreferrer\"  aria-label=\"Finanzbericht 2019\"><span class='avia_button_icon avia_button_icon_left avia-iconfont avia-font-entypo-fontello' data-av_icon='\ue84b' data-av_iconfont='entypo-fontello' ><\/span><span class='avia_iconbox_title' >Finanzbericht 2019<\/span><\/a><\/div><br \/>\n<div  class='avia-button-wrap av-k76nmwyv-7-5b279bf01969a0de6a23b338c17cd9e5-wrap avia-button-left  avia-builder-el-21  el_after_av_button  el_before_av_button '><a href='..\/..\/wp-content\/uploads\/2020\/02\/Finanzbericht-2018.pdf'  class='avia-button av-k76nmwyv-7-5b279bf01969a0de6a23b338c17cd9e5 av-link-btn avia-icon_select-yes-left-icon avia-size-large avia-position-left avia-color-theme-color'  target=\"_blank\"  rel=\"noopener noreferrer\"  aria-label=\"Finanzbericht 2018\"><span class='avia_button_icon avia_button_icon_left avia-iconfont avia-font-entypo-fontello' data-av_icon='\ue84b' data-av_iconfont='entypo-fontello' ><\/span><span class='avia_iconbox_title' >Finanzbericht 2018<\/span><\/a><\/div><br \/>\n<div  class='avia-button-wrap av-k76nmwyv-6-d307d4023893732c19625c9344658782-wrap avia-button-left  avia-builder-el-22  el_after_av_button  el_before_av_button '><a href='..\/..\/wp-content\/uploads\/2020\/02\/Finanzbericht-2017.pdf'  class='avia-button av-k76nmwyv-6-d307d4023893732c19625c9344658782 av-link-btn avia-icon_select-yes-left-icon avia-size-large avia-position-left avia-color-theme-color'  target=\"_blank\"  rel=\"noopener noreferrer\"  aria-label=\"Finanzbericht 2017\"><span class='avia_button_icon avia_button_icon_left avia-iconfont avia-font-entypo-fontello' data-av_icon='\ue84b' data-av_iconfont='entypo-fontello' ><\/span><span class='avia_iconbox_title' >Finanzbericht 2017<\/span><\/a><\/div><br \/>\n<div  class='avia-button-wrap av-k76nmwyv-5-a544c5a92caf9d255e64a994315929e6-wrap avia-button-left  avia-builder-el-23  el_after_av_button  el_before_av_button '><a href='..\/..\/wp-content\/uploads\/2020\/02\/Finanzbericht-2016.pdf'  class='avia-button av-k76nmwyv-5-a544c5a92caf9d255e64a994315929e6 av-link-btn avia-icon_select-yes-left-icon avia-size-large avia-position-left avia-color-theme-color'  target=\"_blank\"  rel=\"noopener noreferrer\"  aria-label=\"Finanzbericht 2016\"><span class='avia_button_icon avia_button_icon_left avia-iconfont avia-font-entypo-fontello' data-av_icon='\ue84b' data-av_iconfont='entypo-fontello' ><\/span><span class='avia_iconbox_title' >Finanzbericht 2016<\/span><\/a><\/div><br \/>\n<div  class='avia-button-wrap av-k76nmwyv-4-6eed85c0771d49361d63bfa5d5dc6cb6-wrap avia-button-left  avia-builder-el-24  el_after_av_button  el_before_av_button '><a href='..\/..\/wp-content\/uploads\/2020\/02\/Finanzbericht-2015.pdf'  class='avia-button av-k76nmwyv-4-6eed85c0771d49361d63bfa5d5dc6cb6 av-link-btn avia-icon_select-yes-left-icon avia-size-large avia-position-left avia-color-theme-color'  target=\"_blank\"  rel=\"noopener noreferrer\"  aria-label=\"Finanzbericht 2015\"><span class='avia_button_icon avia_button_icon_left avia-iconfont avia-font-entypo-fontello' data-av_icon='\ue84b' data-av_iconfont='entypo-fontello' ><\/span><span class='avia_iconbox_title' >Finanzbericht 2015<\/span><\/a><\/div><br \/>\n<div  class='avia-button-wrap av-k76nmwyv-3-1f135f06c85dd791c3c69d43d0cd67af-wrap avia-button-left  avia-builder-el-25  el_after_av_button  el_before_av_button '><a href='..\/..\/wp-content\/uploads\/2020\/02\/Finanzbericht-2014.pdf'  class='avia-button av-k76nmwyv-3-1f135f06c85dd791c3c69d43d0cd67af av-link-btn avia-icon_select-yes-left-icon avia-size-large avia-position-left avia-color-theme-color'  target=\"_blank\"  rel=\"noopener noreferrer\"  aria-label=\"Finanzbericht 2014\"><span class='avia_button_icon avia_button_icon_left avia-iconfont avia-font-entypo-fontello' data-av_icon='\ue84b' data-av_iconfont='entypo-fontello' ><\/span><span class='avia_iconbox_title' >Finanzbericht 2014<\/span><\/a><\/div><br \/>\n<div  class='avia-button-wrap av-k76nmwyv-2-dc2f1d183607327e23389caac8490eec-wrap avia-button-left  avia-builder-el-26  el_after_av_button  el_before_av_button '><a href='..\/..\/wp-content\/uploads\/2020\/02\/Finanzbericht-2013.pdf'  class='avia-button av-k76nmwyv-2-dc2f1d183607327e23389caac8490eec av-link-btn avia-icon_select-yes-left-icon avia-size-large avia-position-left avia-color-theme-color'  target=\"_blank\"  rel=\"noopener noreferrer\"  aria-label=\"Finanzbericht 2013\"><span class='avia_button_icon avia_button_icon_left avia-iconfont avia-font-entypo-fontello' data-av_icon='\ue84b' data-av_iconfont='entypo-fontello' ><\/span><span class='avia_iconbox_title' >Finanzbericht 2013<\/span><\/a><\/div><br \/>\n<div  class='avia-button-wrap av-k76nmwyv-1-7293d257270ecb8f8b9535100101d8cf-wrap avia-button-left  avia-builder-el-27  el_after_av_button  avia-builder-el-last '><a href='..\/..\/wp-content\/uploads\/2020\/02\/Finanzbericht-2012.pdf'  class='avia-button av-k76nmwyv-1-7293d257270ecb8f8b9535100101d8cf av-link-btn avia-icon_select-yes-left-icon avia-size-large avia-position-left avia-color-theme-color'  target=\"_blank\"  rel=\"noopener noreferrer\"  aria-label=\"Finanzbericht 2012\"><span class='avia_button_icon avia_button_icon_left avia-iconfont avia-font-entypo-fontello' data-av_icon='\ue84b' data-av_iconfont='entypo-fontello' ><\/span><span class='avia_iconbox_title' >Finanzbericht 2012<\/span><\/a><\/div><\/p><\/div><\/p>\n","protected":false},"excerpt":{"rendered":"","protected":false},"author":1,"featured_media":0,"parent":0,"menu_order":0,"comment_status":"closed","ping_status":"closed","template":"","meta":{"footnotes":""},"class_list":["post-479","page","type-page","status-publish","hentry"],"_links":{"self":[{"href":"https:\/\/www.barbos-stiftung.de\/cms\/index.php\/wp-json\/wp\/v2\/pages\/479","targetHints":{"allow":["GET"]}}],"collection":[{"href":"https:\/\/www.barbos-stiftung.de\/cms\/index.php\/wp-json\/wp\/v2\/pages"}],"about":[{"href":"https:\/\/www.barbos-stiftung.de\/cms\/index.php\/wp-json\/wp\/v2\/types\/page"}],"author":[{"embeddable":true,"href":"https:\/\/www.barbos-stiftung.de\/cms\/index.php\/wp-json\/wp\/v2\/users\/1"}],"replies":[{"embeddable":true,"href":"https:\/\/www.barbos-stiftung.de\/cms\/index.php\/wp-json\/wp\/v2\/comments?post=479"}],"version-history":[{"count":7,"href":"https:\/\/www.barbos-stiftung.de\/cms\/index.php\/wp-json\/wp\/v2\/pages\/479\/revisions"}],"predecessor-version":[{"id":2564,"href":"https:\/\/www.barbos-stiftung.de\/cms\/index.php\/wp-json\/wp\/v2\/pages\/479\/revisions\/2564"}],"wp:attachment":[{"href":"https:\/\/www.barbos-stiftung.de\/cms\/index.php\/wp-json\/wp\/v2\/media?parent=479"}],"curies":[{"name":"wp","href":"https:\/\/api.w.org\/{rel}","templated":true}]}}