{"id":81,"date":"2020-02-27T16:19:44","date_gmt":"2020-02-27T15:19:44","guid":{"rendered":"http:\/\/barbos.schambeck.eu\/?page_id=81"},"modified":"2025-09-30T19:31:21","modified_gmt":"2025-09-30T17:31:21","slug":"barbara-osterwald","status":"publish","type":"page","link":"https:\/\/www.barbos-stiftung.de\/cms\/index.php\/barbara-osterwald\/","title":{"rendered":"Vorstand"},"content":{"rendered":"\n<style type=\"text\/css\" data-created_by=\"avia_inline_auto\" id=\"style-css-av-19adx-c54c92efae94e36f8ac50b361d5e86b2\">\n.flex_column.av-19adx-c54c92efae94e36f8ac50b361d5e86b2{\nborder-radius:0px 0px 0px 0px;\npadding:0px 0px 0px 0px;\n}\n<\/style>\n<div  class='flex_column av-19adx-c54c92efae94e36f8ac50b361d5e86b2 av_one_fourth  avia-builder-el-0  el_before_av_three_fourth  avia-builder-el-first  first flex_column_div av-zero-column-padding  '     ><style type=\"text\/css\" data-created_by=\"avia_inline_auto\" id=\"style-css-av-k74w8phg-d99030a26b5f69859f5e384c29b92c51\">\n.avia-image-container.av-k74w8phg-d99030a26b5f69859f5e384c29b92c51 img.avia_image{\nbox-shadow:none;\n}\n.avia-image-container.av-k74w8phg-d99030a26b5f69859f5e384c29b92c51 .av-image-caption-overlay-center{\ncolor:#ffffff;\n}\n<\/style>\n<div  class='avia-image-container av-k74w8phg-d99030a26b5f69859f5e384c29b92c51 av-styling-circle avia-align-center  avia-builder-el-1  avia-builder-el-no-sibling '   itemprop=\"image\" itemscope=\"itemscope\" itemtype=\"https:\/\/schema.org\/ImageObject\" ><div class=\"avia-image-container-inner\"><div class=\"avia-image-overlay-wrap\"><img decoding=\"async\" fetchpriority=\"high\" class='wp-image-59 avia-img-lazy-loading-not-59 avia_image ' src=\"https:\/\/www.barbos-stiftung.de\/cms\/wp-content\/uploads\/2020\/02\/Osterwald_01-1-300x300.jpg\" alt='' title='Osterwald_01'  height=\"300\" width=\"300\"  itemprop=\"thumbnailUrl\" srcset=\"https:\/\/www.barbos-stiftung.de\/cms\/wp-content\/uploads\/2020\/02\/Osterwald_01-1-300x300.jpg 300w, https:\/\/www.barbos-stiftung.de\/cms\/wp-content\/uploads\/2020\/02\/Osterwald_01-1-80x80.jpg 80w, https:\/\/www.barbos-stiftung.de\/cms\/wp-content\/uploads\/2020\/02\/Osterwald_01-1-36x36.jpg 36w, https:\/\/www.barbos-stiftung.de\/cms\/wp-content\/uploads\/2020\/02\/Osterwald_01-1-180x180.jpg 180w, https:\/\/www.barbos-stiftung.de\/cms\/wp-content\/uploads\/2020\/02\/Osterwald_01-1.jpg 354w\" sizes=\"(max-width: 300px) 100vw, 300px\" \/><\/div><\/div><\/div><\/div>\n\n<style type=\"text\/css\" data-created_by=\"avia_inline_auto\" id=\"style-css-av-12f0d-08411c1cc83c4f5c1f573f7d6784b390\">\n.flex_column.av-12f0d-08411c1cc83c4f5c1f573f7d6784b390{\nborder-radius:0px 0px 0px 0px;\npadding:0px 0px 0px 0px;\n}\n<\/style>\n<div  class='flex_column av-12f0d-08411c1cc83c4f5c1f573f7d6784b390 av_three_fourth  avia-builder-el-2  el_after_av_one_fourth  el_before_av_hr  flex_column_div av-zero-column-padding  '     ><p>\n<style type=\"text\/css\" data-created_by=\"avia_inline_auto\" id=\"style-css-av-yv2t-d31f5b0a8d871b234f62efd37ab44c49\">\n#top .av-special-heading.av-yv2t-d31f5b0a8d871b234f62efd37ab44c49{\npadding-bottom:10px;\n}\nbody .av-special-heading.av-yv2t-d31f5b0a8d871b234f62efd37ab44c49 .av-special-heading-tag .heading-char{\nfont-size:25px;\n}\n.av-special-heading.av-yv2t-d31f5b0a8d871b234f62efd37ab44c49 .av-subheading{\nfont-size:15px;\n}\n<\/style>\n<div  class='av-special-heading av-yv2t-d31f5b0a8d871b234f62efd37ab44c49 av-special-heading-h3  avia-builder-el-3  el_before_av_textblock  avia-builder-el-first '><h3 class='av-special-heading-tag '  itemprop=\"headline\"  >Barbara Osterwald<\/h3><div class=\"special-heading-border\"><div class=\"special-heading-inner-border\"><\/div><\/div><\/div><br \/>\n<section  class='av_textblock_section av-k74w8cce-7a398c980fac02e5fd8a0f4a8fa83957 '   itemscope=\"itemscope\" itemtype=\"https:\/\/schema.org\/CreativeWork\" ><div class='avia_textblock'  itemprop=\"text\" ><p><strong> Stifterin &#8211;\u00a0<\/strong> Jahrgang 1937, von Beruf Gymnasiallehrerin, eigene Praxis f\u00fcr Arbeit am Tonfeld\u00ae in M\u00fcnchen. Leiterin des Instituts f\u00fcr Gestaltbildung M\u00fcnchen, Ausbildungsleiterin f\u00fcr die Arbeit am Tonfeld\u00ae im In- und Ausland.<br \/>\nVer\u00f6ffentlichungen zur Arbeit am Tonfeld\u00ae.<br \/>\nStifterin, langj\u00e4hrige Vorsitzende und Vorstandsmitglied der Barbos-Stiftung, die sie 2007 gegr\u00fcndet hat.<\/p>\n<p>Ihr Tonfeldarbeit-Institut (<a title=\"Tonfeld Osterwald\" href=\"http:\/\/www.tonfeld-osterwald.de\/\" target=\"_blank\" rel=\"noopener noreferrer\">www.tonfeld-osterwald.de) <\/a>hat sie 2022 in die H\u00e4nde j\u00fcngerer, bew\u00e4hrter Tonfeld-Begleiterinnen gegeben, die nunmehr das Barbos-Zentrum betreiben.<br \/>\nGleichzeitig feiert ihre Barbos-Stiftung ihr 15j\u00e4hriges Bestehen und schaut auf zahlreiche bewegende Erfolge f\u00fcr die Entwicklung von verhaltensauff\u00e4lligen oder traumatisierten Kindern und Jugendlichen zur\u00fcck.<\/p>\n<p>Barbara Osterwald hat ihr Leben den Kindern und der Arbeit am Tonfeld\u00ae verschrieben. Sie ist die Seele der Barbos-Stiftung &#8211; f\u00fcr die Seele der Kinder!<\/p>\n<\/div><\/section><\/p><\/div>\n\n<style type=\"text\/css\" data-created_by=\"avia_inline_auto\" id=\"style-css-av-k74wxppx-cb3ff34dc628ba5a71d06a6b886014c7\">\n#top .hr.av-k74wxppx-cb3ff34dc628ba5a71d06a6b886014c7{\nmargin-top:30px;\nmargin-bottom:30px;\n}\n.hr.av-k74wxppx-cb3ff34dc628ba5a71d06a6b886014c7 .hr-inner{\nwidth:200px;\nborder-color:#d0000a;\n}\n<\/style>\n<div  class='hr av-k74wxppx-cb3ff34dc628ba5a71d06a6b886014c7 hr-custom  avia-builder-el-5  el_after_av_three_fourth  el_before_av_one_fourth  hr-center hr-icon-no'><span class='hr-inner inner-border-av-border-none'><span class=\"hr-inner-style\"><\/span><\/span><\/div>\n\n<style type=\"text\/css\" data-created_by=\"avia_inline_auto\" id=\"style-css-av-a9b1p-8667447aec4c58dc6af43fc5c2da0c94\">\n.flex_column.av-a9b1p-8667447aec4c58dc6af43fc5c2da0c94{\nborder-radius:0px 0px 0px 0px;\npadding:0px 0px 0px 0px;\n}\n<\/style>\n<div  class='flex_column av-a9b1p-8667447aec4c58dc6af43fc5c2da0c94 av_one_fourth  avia-builder-el-6  el_after_av_hr  el_before_av_three_fourth  first flex_column_div av-zero-column-padding  '     ><style type=\"text\/css\" data-created_by=\"avia_inline_auto\" id=\"style-css-av-k74wijoz-91e66628b31ecfb3a78b73df245b8ebe\">\n.avia-image-container.av-k74wijoz-91e66628b31ecfb3a78b73df245b8ebe img.avia_image{\nbox-shadow:none;\n}\n.avia-image-container.av-k74wijoz-91e66628b31ecfb3a78b73df245b8ebe .av-image-caption-overlay-center{\ncolor:#ffffff;\n}\n<\/style>\n<div  class='avia-image-container av-k74wijoz-91e66628b31ecfb3a78b73df245b8ebe av-styling-circle avia-align-center  avia-builder-el-7  avia-builder-el-no-sibling '   itemprop=\"image\" itemscope=\"itemscope\" itemtype=\"https:\/\/schema.org\/ImageObject\" ><div class=\"avia-image-container-inner\"><div class=\"avia-image-overlay-wrap\"><img decoding=\"async\" fetchpriority=\"high\" class='wp-image-1045 avia-img-lazy-loading-not-1045 avia_image ' src=\"https:\/\/www.barbos-stiftung.de\/cms\/wp-content\/uploads\/2020\/07\/Mai-Dang-Goy-1-300x300.jpg\" alt='Mai Dang-Goy' title='Mai Dang-Goy'  height=\"300\" width=\"300\"  itemprop=\"thumbnailUrl\" srcset=\"https:\/\/www.barbos-stiftung.de\/cms\/wp-content\/uploads\/2020\/07\/Mai-Dang-Goy-1-300x300.jpg 300w, https:\/\/www.barbos-stiftung.de\/cms\/wp-content\/uploads\/2020\/07\/Mai-Dang-Goy-1-80x80.jpg 80w, https:\/\/www.barbos-stiftung.de\/cms\/wp-content\/uploads\/2020\/07\/Mai-Dang-Goy-1-768x768.jpg 768w, https:\/\/www.barbos-stiftung.de\/cms\/wp-content\/uploads\/2020\/07\/Mai-Dang-Goy-1-36x36.jpg 36w, https:\/\/www.barbos-stiftung.de\/cms\/wp-content\/uploads\/2020\/07\/Mai-Dang-Goy-1-180x180.jpg 180w, https:\/\/www.barbos-stiftung.de\/cms\/wp-content\/uploads\/2020\/07\/Mai-Dang-Goy-1-705x705.jpg 705w, https:\/\/www.barbos-stiftung.de\/cms\/wp-content\/uploads\/2020\/07\/Mai-Dang-Goy-1.jpg 1000w\" sizes=\"(max-width: 300px) 100vw, 300px\" \/><\/div><\/div><\/div><\/div>\n\n<style type=\"text\/css\" data-created_by=\"avia_inline_auto\" id=\"style-css-av-9w825-aff428a5604bdc65b1119c1dc9af2cbb\">\n.flex_column.av-9w825-aff428a5604bdc65b1119c1dc9af2cbb{\nborder-radius:0px 0px 0px 0px;\npadding:0px 0px 0px 0px;\n}\n<\/style>\n<div  class='flex_column av-9w825-aff428a5604bdc65b1119c1dc9af2cbb av_three_fourth  avia-builder-el-8  el_after_av_one_fourth  el_before_av_hr  flex_column_div av-zero-column-padding  '     ><p>\n<style type=\"text\/css\" data-created_by=\"avia_inline_auto\" id=\"style-css-av-k74wgtt2-e49a8cb64ffc41b857d9c2fcb5117fef\">\n#top .av-special-heading.av-k74wgtt2-e49a8cb64ffc41b857d9c2fcb5117fef{\npadding-bottom:10px;\n}\nbody .av-special-heading.av-k74wgtt2-e49a8cb64ffc41b857d9c2fcb5117fef .av-special-heading-tag .heading-char{\nfont-size:25px;\n}\n.av-special-heading.av-k74wgtt2-e49a8cb64ffc41b857d9c2fcb5117fef .av-subheading{\nfont-size:15px;\n}\n<\/style>\n<div  class='av-special-heading av-k74wgtt2-e49a8cb64ffc41b857d9c2fcb5117fef av-special-heading-h3  avia-builder-el-9  el_before_av_textblock  avia-builder-el-first '><h3 class='av-special-heading-tag '  itemprop=\"headline\"  > Mai Dang-Goy<\/h3><div class=\"special-heading-border\"><div class=\"special-heading-inner-border\"><\/div><\/div><\/div><br \/>\n\n<style type=\"text\/css\" data-created_by=\"avia_inline_auto\" id=\"style-css-av-k74wh3md-7d56fd42c39618924c7392f5c2e2f8cb\">\n#top .av_textblock_section.av-k74wh3md-7d56fd42c39618924c7392f5c2e2f8cb .avia_textblock{\ncolor:#000000;\n}\n<\/style>\n<section  class='av_textblock_section av-k74wh3md-7d56fd42c39618924c7392f5c2e2f8cb '   itemscope=\"itemscope\" itemtype=\"https:\/\/schema.org\/CreativeWork\" ><div class='avia_textblock av_inherit_color'  itemprop=\"text\" ><p><strong>1. Vorsitzende &#8211;<\/strong> Jahrgang 1974, verheiratet und 1 Kind. Vom Hauptschulabschluss zur Diplom-Ingenieurin. \u00dcber 20 Jahre Erfahrung in der Organisationen von Projekten und darin, Unternehmen zu gr\u00fcnden, f\u00fchren und weiterzuentwickeln.<\/p>\n<blockquote>\n<p><em>Als Migrantenkind wei\u00df ich aus Erfahrung, wie hart es ist, sich aus einem nicht stabilen sozialen Umfeld zu einem selbstbewussten Mensch zu entwickeln.<br \/>\nDaher motiviert mich meine Dankbarkeit, dieses Ehrenamt aktiv wahrzunehmen. Um fr\u00fchzeitig hilfsbed\u00fcrftigen Kinder mit der Arbeit am Tonfeld zu helfen, sich zu einem selbstbestimmten Mensch zu entwickeln.<\/em><\/p>\n<\/blockquote>\n<\/div><\/section><\/p><\/div>\n\n<style type=\"text\/css\" data-created_by=\"avia_inline_auto\" id=\"style-css-av-k74wxppx-3-a9bfd8cccab97c361c200dfd91fa199c\">\n#top .hr.av-k74wxppx-3-a9bfd8cccab97c361c200dfd91fa199c{\nmargin-top:30px;\nmargin-bottom:30px;\n}\n.hr.av-k74wxppx-3-a9bfd8cccab97c361c200dfd91fa199c .hr-inner{\nwidth:200px;\nborder-color:#d0000a;\n}\n<\/style>\n<div  class='hr av-k74wxppx-3-a9bfd8cccab97c361c200dfd91fa199c hr-custom  avia-builder-el-11  el_after_av_three_fourth  el_before_av_one_fourth  hr-center hr-icon-no'><span class='hr-inner inner-border-av-border-none'><span class=\"hr-inner-style\"><\/span><\/span><\/div>\n\n<style type=\"text\/css\" data-created_by=\"avia_inline_auto\" id=\"style-css-av-37ful-1d7ea659c5b15eaad37daee20ce3a36a\">\n.flex_column.av-37ful-1d7ea659c5b15eaad37daee20ce3a36a{\nborder-radius:0px 0px 0px 0px;\npadding:0px 0px 0px 0px;\n}\n<\/style>\n<div  class='flex_column av-37ful-1d7ea659c5b15eaad37daee20ce3a36a av_one_fourth  avia-builder-el-12  el_after_av_hr  el_before_av_three_fourth  first flex_column_div av-zero-column-padding  '     ><style type=\"text\/css\" data-created_by=\"avia_inline_auto\" id=\"style-css-av-2xtmp-34952da0e576cf604914a1d643334aea\">\n.avia-image-container.av-2xtmp-34952da0e576cf604914a1d643334aea img.avia_image{\nbox-shadow:none;\n}\n.avia-image-container.av-2xtmp-34952da0e576cf604914a1d643334aea .av-image-caption-overlay-center{\ncolor:#ffffff;\n}\n<\/style>\n<div  class='avia-image-container av-2xtmp-34952da0e576cf604914a1d643334aea av-styling-circle avia-align-center  avia-builder-el-13  avia-builder-el-no-sibling '   itemprop=\"image\" itemscope=\"itemscope\" itemtype=\"https:\/\/schema.org\/ImageObject\" ><div class=\"avia-image-container-inner\"><div class=\"avia-image-overlay-wrap\"><img decoding=\"async\" fetchpriority=\"high\" class='wp-image-1808 avia-img-lazy-loading-not-1808 avia_image ' src=\"https:\/\/www.barbos-stiftung.de\/cms\/wp-content\/uploads\/2023\/01\/Verena_12_Maennel14179_01-1-300x300.jpg\" alt='' title='Verena_12_Maennel14179_01'  height=\"300\" width=\"300\"  itemprop=\"thumbnailUrl\" srcset=\"https:\/\/www.barbos-stiftung.de\/cms\/wp-content\/uploads\/2023\/01\/Verena_12_Maennel14179_01-1-300x300.jpg 300w, https:\/\/www.barbos-stiftung.de\/cms\/wp-content\/uploads\/2023\/01\/Verena_12_Maennel14179_01-1-80x80.jpg 80w, https:\/\/www.barbos-stiftung.de\/cms\/wp-content\/uploads\/2023\/01\/Verena_12_Maennel14179_01-1-36x36.jpg 36w, https:\/\/www.barbos-stiftung.de\/cms\/wp-content\/uploads\/2023\/01\/Verena_12_Maennel14179_01-1-180x180.jpg 180w, https:\/\/www.barbos-stiftung.de\/cms\/wp-content\/uploads\/2023\/01\/Verena_12_Maennel14179_01-1.jpg 500w\" sizes=\"(max-width: 300px) 100vw, 300px\" \/><\/div><\/div><\/div><\/div>\n\n<style type=\"text\/css\" data-created_by=\"avia_inline_auto\" id=\"style-css-av-82yh-06f124814cbd37aaba3a696b05e76cc4\">\n.flex_column.av-82yh-06f124814cbd37aaba3a696b05e76cc4{\nborder-radius:0px 0px 0px 0px;\npadding:0px 0px 0px 0px;\n}\n<\/style>\n<div  class='flex_column av-82yh-06f124814cbd37aaba3a696b05e76cc4 av_three_fourth  avia-builder-el-14  el_after_av_one_fourth  el_before_av_hr  flex_column_div av-zero-column-padding  '     ><p>\n<style type=\"text\/css\" data-created_by=\"avia_inline_auto\" id=\"style-css-av-k74xa2e6-01d993cbe9a860345074f4090aaba2ff\">\n#top .av-special-heading.av-k74xa2e6-01d993cbe9a860345074f4090aaba2ff{\npadding-bottom:10px;\n}\nbody .av-special-heading.av-k74xa2e6-01d993cbe9a860345074f4090aaba2ff .av-special-heading-tag .heading-char{\nfont-size:25px;\n}\n.av-special-heading.av-k74xa2e6-01d993cbe9a860345074f4090aaba2ff .av-subheading{\nfont-size:15px;\n}\n<\/style>\n<div  class='av-special-heading av-k74xa2e6-01d993cbe9a860345074f4090aaba2ff av-special-heading-h3  avia-builder-el-15  el_before_av_textblock  avia-builder-el-first '><h3 class='av-special-heading-tag '  itemprop=\"headline\"  > Verena M\u00e4nnel<\/h3><div class=\"special-heading-border\"><div class=\"special-heading-inner-border\"><\/div><\/div><\/div><br \/>\n\n<style type=\"text\/css\" data-created_by=\"avia_inline_auto\" id=\"style-css-av-1ahtt-146984af81bfa45f8bde934c2b0e37d1\">\n#top .av_textblock_section.av-1ahtt-146984af81bfa45f8bde934c2b0e37d1 .avia_textblock{\ncolor:#000000;\n}\n<\/style>\n<section  class='av_textblock_section av-1ahtt-146984af81bfa45f8bde934c2b0e37d1 '   itemscope=\"itemscope\" itemtype=\"https:\/\/schema.org\/CreativeWork\" ><div class='avia_textblock av_inherit_color'  itemprop=\"text\" ><p><strong>2. Vorsitzende<\/strong> &#8211; Jahrgang 1979, verheiratet, 2 Kinder, Bilanzbuchhalterin und Betriebswirtin, fast 20 Jahre Erfahrung in den Bereichen Jahresabschl\u00fcsse, Buchhaltung, B\u00fcroorganisation.<\/p>\n<blockquote>\n<p>Auf der Suche nach einer sinnstiftenden ehrenamtlichen T\u00e4tigkeit bin ich auf die Barbos-Stiftung gesto\u00dfen und war auf Anhieb begeistert von der Arbeit mit den Kindern.<br \/>\nEs ist sch\u00f6n zu sehen, dass es Menschen gibt, die traumatisierten und seelisch verletzten Kindern helfen, schlimme Erfahrungen zu verarbeiten. Und es freut mich sehr, Teil dieser Stiftung sein zu d\u00fcrfen.<\/p>\n<\/blockquote>\n<\/div><\/section><\/p><\/div>\n\n<style type=\"text\/css\" data-created_by=\"avia_inline_auto\" id=\"style-css-av-k74wxppx-1-fe1d86da0eb048185b1552c429c79c60\">\n#top .hr.av-k74wxppx-1-fe1d86da0eb048185b1552c429c79c60{\nmargin-top:30px;\nmargin-bottom:30px;\n}\n.hr.av-k74wxppx-1-fe1d86da0eb048185b1552c429c79c60 .hr-inner{\nwidth:200px;\nborder-color:#d0000a;\n}\n<\/style>\n<div  class='hr av-k74wxppx-1-fe1d86da0eb048185b1552c429c79c60 hr-custom  avia-builder-el-17  el_after_av_three_fourth  el_before_av_one_fourth  hr-center hr-icon-no'><span class='hr-inner inner-border-av-border-none'><span class=\"hr-inner-style\"><\/span><\/span><\/div>\n\n<style type=\"text\/css\" data-created_by=\"avia_inline_auto\" id=\"style-css-av-92y79-52d28181a016ee8b194fdda156934de4\">\n.flex_column.av-92y79-52d28181a016ee8b194fdda156934de4{\nborder-radius:0px 0px 0px 0px;\npadding:0px 0px 0px 0px;\n}\n<\/style>\n<div  class='flex_column av-92y79-52d28181a016ee8b194fdda156934de4 av_one_fourth  avia-builder-el-18  el_after_av_hr  el_before_av_three_fourth  first flex_column_div av-zero-column-padding  '     ><style type=\"text\/css\" data-created_by=\"avia_inline_auto\" id=\"style-css-av-8m46l-84e4acebc7c4a4409c5597c216ea2e5d\">\n.avia-image-container.av-8m46l-84e4acebc7c4a4409c5597c216ea2e5d img.avia_image{\nbox-shadow:none;\n}\n.avia-image-container.av-8m46l-84e4acebc7c4a4409c5597c216ea2e5d .av-image-caption-overlay-center{\ncolor:#ffffff;\n}\n<\/style>\n<div  class='avia-image-container av-8m46l-84e4acebc7c4a4409c5597c216ea2e5d av-styling-circle avia-align-center  avia-builder-el-19  avia-builder-el-no-sibling '   itemprop=\"image\" itemscope=\"itemscope\" itemtype=\"https:\/\/schema.org\/ImageObject\" ><div class=\"avia-image-container-inner\"><div class=\"avia-image-overlay-wrap\"><img decoding=\"async\" fetchpriority=\"high\" class='wp-image-113 avia-img-lazy-loading-not-113 avia_image ' src=\"https:\/\/www.barbos-stiftung.de\/cms\/wp-content\/uploads\/2020\/02\/mielck_02-1-300x300.jpg\" alt='' title='mielck_02'  height=\"300\" width=\"300\"  itemprop=\"thumbnailUrl\" srcset=\"https:\/\/www.barbos-stiftung.de\/cms\/wp-content\/uploads\/2020\/02\/mielck_02-1-300x300.jpg 300w, https:\/\/www.barbos-stiftung.de\/cms\/wp-content\/uploads\/2020\/02\/mielck_02-1-80x80.jpg 80w, https:\/\/www.barbos-stiftung.de\/cms\/wp-content\/uploads\/2020\/02\/mielck_02-1-36x36.jpg 36w, https:\/\/www.barbos-stiftung.de\/cms\/wp-content\/uploads\/2020\/02\/mielck_02-1-180x180.jpg 180w, https:\/\/www.barbos-stiftung.de\/cms\/wp-content\/uploads\/2020\/02\/mielck_02-1.jpg 400w\" sizes=\"(max-width: 300px) 100vw, 300px\" \/><\/div><\/div><\/div><\/div>\n\n<style type=\"text\/css\" data-created_by=\"avia_inline_auto\" id=\"style-css-av-80fjt-d0fa386fb4592033b2472765f868235c\">\n.flex_column.av-80fjt-d0fa386fb4592033b2472765f868235c{\nborder-radius:0px 0px 0px 0px;\npadding:0px 0px 0px 0px;\n}\n<\/style>\n<div  class='flex_column av-80fjt-d0fa386fb4592033b2472765f868235c av_three_fourth  avia-builder-el-20  el_after_av_one_fourth  el_before_av_hr  flex_column_div av-zero-column-padding  '     ><p>\n<style type=\"text\/css\" data-created_by=\"avia_inline_auto\" id=\"style-css-av-k74wwcy7-f70abb6117a5d3a5fd47612fef258f3a\">\n#top .av-special-heading.av-k74wwcy7-f70abb6117a5d3a5fd47612fef258f3a{\npadding-bottom:10px;\n}\nbody .av-special-heading.av-k74wwcy7-f70abb6117a5d3a5fd47612fef258f3a .av-special-heading-tag .heading-char{\nfont-size:25px;\n}\n.av-special-heading.av-k74wwcy7-f70abb6117a5d3a5fd47612fef258f3a .av-subheading{\nfont-size:15px;\n}\n<\/style>\n<div  class='av-special-heading av-k74wwcy7-f70abb6117a5d3a5fd47612fef258f3a av-special-heading-h3  avia-builder-el-21  el_before_av_textblock  avia-builder-el-first '><h3 class='av-special-heading-tag '  itemprop=\"headline\"  > Dr. Andreas Mielck<\/h3><div class=\"special-heading-border\"><div class=\"special-heading-inner-border\"><\/div><\/div><\/div><br \/>\n<section  class='av_textblock_section av-6z2vh-df1488397c6b631763f3aded238d6bdd '   itemscope=\"itemscope\" itemtype=\"https:\/\/schema.org\/CreativeWork\" ><div class='avia_textblock'  itemprop=\"text\" ><p>Jahrgang 1951, Soziologe und Epidemiologie. Dr. Andreas Mielck ist wissenschaftlicher Angestellter am Helmholtz Zentrum M\u00fcnchen \u2013 Institut f\u00fcr Gesundheits\u00f6konomie und Management im Gesundheitswesen. Er ist Lehrbeauftragter f\u00fcr Sozial-Epidemiologie an der Ludwig-Maximilians-Universit\u00e4t M\u00fcnchen; zwischen 1997-2011 war er Sprecher der Arbeitsgruppe \u2018Sozial-Epidemiologie\u2019 verschiedener wissenschaftlicher Fachgesellschaften. Seine Arbeit konzentriert sich seit vielen Jahren auf das Thema \u2018soziale Ungleichheit und Gesundheit\u2019.<\/p>\n<blockquote>\n<p>Pers\u00f6nliche Motivation zur Mitarbeit im Vorstand der Barbos-Stiftung: Die kreative Entwicklungsf\u00f6rderung ist auch und gerade bei den Kindern und Jugendlichen wichtig, die in sozial schwierigen Verh\u00e4ltnissen aufwachsen. Die Barbos-Stiftung kann bei diesen Kindern und Jugendlichen einen gro\u00dfen Beitrag leisten zur Verbesserung der psychischen und physischen Gesundheit. Die Arbeit bietet daher einen sehr konkreten, praktischen Ansatzpunkt zur Verbesserung der gesundheitlichen Chancengleichheit.<\/p>\n<\/blockquote>\n<\/div><\/section><\/p><\/div>\n\n<style type=\"text\/css\" data-created_by=\"avia_inline_auto\" id=\"style-css-av-k74wxppx-2-600dc94b5ee1bfb9610247d1443d1950\">\n#top .hr.av-k74wxppx-2-600dc94b5ee1bfb9610247d1443d1950{\nmargin-top:30px;\nmargin-bottom:30px;\n}\n.hr.av-k74wxppx-2-600dc94b5ee1bfb9610247d1443d1950 .hr-inner{\nwidth:200px;\nborder-color:#d0000a;\n}\n<\/style>\n<div  class='hr av-k74wxppx-2-600dc94b5ee1bfb9610247d1443d1950 hr-custom  avia-builder-el-23  el_after_av_three_fourth  avia-builder-el-last  hr-center hr-icon-no'><span class='hr-inner inner-border-av-border-none'><span class=\"hr-inner-style\"><\/span><\/span><\/div>\n","protected":false},"excerpt":{"rendered":"","protected":false},"author":1,"featured_media":0,"parent":0,"menu_order":0,"comment_status":"closed","ping_status":"closed","template":"","meta":{"footnotes":""},"class_list":["post-81","page","type-page","status-publish","hentry"],"_links":{"self":[{"href":"https:\/\/www.barbos-stiftung.de\/cms\/index.php\/wp-json\/wp\/v2\/pages\/81","targetHints":{"allow":["GET"]}}],"collection":[{"href":"https:\/\/www.barbos-stiftung.de\/cms\/index.php\/wp-json\/wp\/v2\/pages"}],"about":[{"href":"https:\/\/www.barbos-stiftung.de\/cms\/index.php\/wp-json\/wp\/v2\/types\/page"}],"author":[{"embeddable":true,"href":"https:\/\/www.barbos-stiftung.de\/cms\/index.php\/wp-json\/wp\/v2\/users\/1"}],"replies":[{"embeddable":true,"href":"https:\/\/www.barbos-stiftung.de\/cms\/index.php\/wp-json\/wp\/v2\/comments?post=81"}],"version-history":[{"count":1,"href":"https:\/\/www.barbos-stiftung.de\/cms\/index.php\/wp-json\/wp\/v2\/pages\/81\/revisions"}],"predecessor-version":[{"id":2571,"href":"https:\/\/www.barbos-stiftung.de\/cms\/index.php\/wp-json\/wp\/v2\/pages\/81\/revisions\/2571"}],"wp:attachment":[{"href":"https:\/\/www.barbos-stiftung.de\/cms\/index.php\/wp-json\/wp\/v2\/media?parent=81"}],"curies":[{"name":"wp","href":"https:\/\/api.w.org\/{rel}","templated":true}]}}